{"id":33,"date":"2021-04-02T17:25:31","date_gmt":"2021-04-02T15:25:31","guid":{"rendered":"https:\/\/new.pujcovani.cz\/?page_id=33"},"modified":"2021-04-06T15:33:16","modified_gmt":"2021-04-06T13:33:16","slug":"smluvni-podminbky-dotazy","status":"publish","type":"page","link":"https:\/\/new.pujcovani.cz\/index.php\/smluvni-podminbky-dotazy\/","title":{"rendered":"Smluvn\u00ed podm\u00ednky, dotazy"},"content":{"rendered":"\n<h2>Postup pod\u00e1n\u00ed \u017e\u00e1dosti<\/h2>\n\n\n\n<p><strong>Naskenujte, po\u017eadovan\u00e9 <\/strong>uveden\u00e9 podklady a za\u0161lete n\u00e1m je spolu s telefonn\u00edm kontaktem na emailovou adresu&nbsp;<a href=\"mailto:rentstore@seznam.cz\">rentstore@seznam.cz<\/a><br><br>Na z\u00e1klad\u011b t\u011bchto podklad\u016f si ud\u011bl\u00e1me tzv. scoring (schvalovac\u00ed proces), podle kter\u00e9ho vyhodnot\u00edme za jak\u00fdch podm\u00ednek jste pro\u0161li (v\u00fd\u0161e akontace, d\u00e9lka spl\u00e1cen\u00ed).<br>Ne\u017e email ode\u0161lete, tak pros\u00edm zkontrolujte \u010ditelnost v\u0161ech zas\u00edlan\u00fdch podklad\u016f. <strong>Do p\u0159edm\u011btu emailu pros\u00edm v\u017edy uv\u00e1d\u011bjte svoje p\u0159\u00edjmen\u00ed a telefon.<\/strong><\/p>\n\n\n\n<h2>Dal\u0161\u00ed postup po schv\u00e1len\u00ed:<\/h2>\n\n\n\n<p><strong>V\u00fdb\u011br vozu:<\/strong><br>Vyberete si auto, m\u016f\u017eete si vybrat auta bu\u010f z na\u0161\u00ed nab\u00eddky, kterou najdete zde\u00a0<a rel=\"noreferrer noopener\" href=\"https:\/\/www.pujcovani.cz\" target=\"_blank\">WWW.PUJCOVANI.CZ<\/a><br><br><strong>Odpov\u00edme V\u00e1m u\u017e p\u0159\u00edmo s nab\u00eddkou orienta\u010dn\u00edch spl\u00e1tek na r\u016fzn\u00fd po\u010det m\u011bs\u00edc\u016f. Vyberete si jednu z variant nab\u00eddky a odep\u00ed\u0161ete n\u00e1m, kterou konkr\u00e9tn\u00ed variantu jste si vybrali.<\/strong><br>\/SPL\u00c1TKY SE MOHOU LI\u0160IT V \u0158\u00c1DU STOKORUN, POKUD JE SCHVALUJE N\u00c1\u0160 LEASINGOV\u00dd PARTNER,TEDY PRODUKT LEASING ZADLU\u017dEN\u00ddM, P\u0158ESN\u00c9 SPL\u00c1TKY BUDOU UVEDENY V N\u00c1VRHU SMLOUVY P\u0158ED PODPISEM\/<br>N\u00e1sledn\u011b slo\u017e\u00edte u prodejce rezerva\u010dn\u00ed z\u00e1lohu, tak aby V\u00e1m v\u016fz neprodal. Pot\u00e9 n\u00e1s telefonicky kontaktujete a domluv\u00edme si spole\u010dn\u00fd v\u00fdkup vozu p\u0159\u00edmo u prodejce. Tam V\u00e1m v\u016fz p\u0159ed\u00e1me oproti podpisu leasingov\u00e9 smlouvy a slo\u017een\u00ed akontace do 8 pracovn\u00edch dn\u016f, pojistn\u00e1 smlouva, mont\u00e1\u017e gps, p\u0159evod, stk, eviden\u010dka.<br><br>V p\u0159\u00edpad\u011b jak\u00fdchkoliv dotaz\u016f m\u011b nev\u00e1hejte kontaktovat.<\/p>\n\n\n\n<div style=\"height:100px\" aria-hidden=\"true\" class=\"wp-block-spacer\"><\/div>\n\n\n\n<h2>PODM\u00cdNKY PRO PRODUKT &#8222;SPL\u00c1TKY NA VOZY V\u0160EM&#8220;<\/h2>\n\n\n\n<p><strong>Schvalujeme i z\u00e1jemce veden\u00e9 v\u00a0registrech s exekucemi a zadlu\u017een\u00e9<\/strong><br><strong>JE ale nutn\u00e9 dolo\u017eit podklady pro leasing-\u00fav\u011br,<\/strong><\/p>\n\n\n\n<p>fyzick\u00e1 osoba : dva doklady toto\u017enosti<br>dolo\u017eit m\u00edsto bydlen\u00ed\/\u00a0n\u00e1jemn\u00ed smlouvu \/ne M\u011bstsk\u00fd \u00fa\u0159ad,doklady o platb\u00e1ch chod\u00edc\u00ed na adresu bydlen\u00ed,atd<br>pracovn\u00ed smlouvu\/nebo dolo\u017eit p\u0159\u00edjem\/<br>t\u0159i v\u00fdpisy z \u00fa\u010dtu\u00a0nebo\u00a0t\u0159i v\u00fdplatn\u00ed p\u00e1sky nebo doklady od p\u0159evzet\u00ed v\u00fdplaty\/p\u0159\u00edjmov\u00fd-v\u00fddajov\u00fd<br>funk\u010dn\u00ed telefonn\u00ed kontakt veden\u00fd na vlastn\u00edka\/ne Gokarta\/<\/p>\n\n\n\n<p>pr\u00e1vnick\u00e1 osoba: V\u00fdpis z firemn\u00edho rejst\u0159\u00edku+ \u017dL<br>n\u00e1jemn\u00ed smlouva s\u00eddla firmy\/ne VIRTUALN\u00cd S\u00cdDLO\/<br>dva doklady toto\u017enosti jednatele spole\u010dnosti nebo pln\u00e1 moc not\u00e1\u0159em ov\u011b\u0159en\u00e1<br>posledn\u00ed da\u0148ov\u00e9 p\u0159izn\u00e1n\u00ed<br>nebo rozvahu firmy za posledn\u00ed \u00fa\u010detn\u00ed obdob\u00ed v\u010detn\u011b knihy faktur \/plat\u00ed pro nov\u011b zalo\u017een\u00e9 firmy\/<br>3 v\u00fdpisy z \u00fa\u010dtu<br>telefonn\u00ed \u010d\u00edslo veden\u00e9 na spole\u010dnost<br>od jednatele:stejn\u00e9 jako u fyzick\u00e9 osoby<\/p>\n\n\n\n<p><strong>VY\u017dADUJEME V\u0160ECHNY DOKLADY,NELZE UZAV\u0158\u00cdT SMLOUVU BEZ N\u011aKTER\u00c9HO DOKLADU!!!spole\u010dnost si vyhrazuje n\u00e1rok p\u0159ed podpisem vy\u017e\u00e1dat jak\u00fdkoliv dopl\u0148uj\u00edc\u00ed podklad.<\/strong><\/p>\n\n\n\n<p>Spl\u00e1tky uveden\u00e9 v\u00a0inzerci jsou p\u0159ibli\u017en\u00e9,v\u00fd\u0161e spl\u00e1tek se m\u016f\u017ee li\u0161it v\u00a0z\u00e1vislosti na d\u00e9lce spl\u00e1cen\u00ed,obecn\u011b plat\u00ed \u010d\u00edm del\u0161\u00ed doba,t\u00edm ni\u017e\u0161\u00ed spl\u00e1tka.Spl\u00e1tky se li\u0161\u00ed JEN v\u00a0100k\u00e1ch korun.<br>Pokud je vozidlo dovozov\u00e9 je po technick\u00e9 kontrole v\u010detn\u011b emis\u00ed,p\u0159ihl\u00e1\u0161en\u00ed 800k\u010d do \/leasingov\u00e1 spole\u010dnost je po dobu spl\u00e1cen\u00ed zaps\u00e1na v\u00a0TP.<br>Na\u0161e spole\u010dnost vy\u017eaduje havarijn\u00ed poji\u0161t\u011bn\u00ed vozidla,kter\u00e9 je povinen uzav\u0159\u00edt n\u00e1jemce a toto vinkulovat ve prosp\u011bch na\u0161\u00ed spole\u010dnosti.<br>Schv\u00e1len\u00ed spl\u00e1tek a p\u0159evzet\u00ed vozidla po dolo\u017een\u00ed v\u0161ech doklad\u016f trv\u00e1 cca 2-5 dn\u00ed<br>U VOZIDEL ROKU V\u00ddROBY 2002 A STAR\u0160\u00cd JE AKONTACE V\u017dDY 50%<br>A SPL\u00c1TKY NA MAX 6 -10 M\u011aS\u00cdC\u016e!!!<br>AKONTACI NELZE ROZLO\u017dIT DO SPL\u00c1TEK!<br>SMLOUVU LZE UZAV\u0158\u00cdT POUZE S\u00a0NA\u0160\u00cd SPOLE\u010cNOST\u00cd,NELZE ODV\u00c9ZT VOZIDLO BEZ SMLOUVY,ANI JEN PO ZAPLACEN\u00cd AKONTACE.<\/p>\n\n\n\n<p><br>Spl\u00e1tky jsou uvedeny bez povinn\u00e9ho ru\u010den\u00ed a havarijn\u00edho poji\u0161t\u011bn\u00ed.<\/p>\n\n\n\n<div style=\"height:100px\" aria-hidden=\"true\" class=\"wp-block-spacer\"><\/div>\n\n\n\n<h2>PODM\u00cdNKY PRO PRODUKT &#8222;SPL\u00c1TKY\/LEASING\/ ZADLU\u017dEN\u00ddM&#8220;<\/h2>\n\n\n\n<h4>Zam\u011bstnanci<\/h4>\n\n\n\n<p>&#8211; min. rok pracovat u stejn\u00e9ho zam\u011bstnavatele<br>&#8211; min. rok bydlet na stejn\u00e9 adrese<br>&#8211; dva doklady toto\u017enosti<br>&#8211; min. akontace 10%, maxim\u00e1ln\u00ed 70% (automobily z na\u0161\u00ed nab\u00eddky)<br>&#8211; min. akontace 20%, maxim\u00e1ln\u00ed 70% (automobily mimo na\u0161\u00ed nab\u00eddku)<br>&#8211; min doba spl\u00e1cen\u00ed 12 m\u011bs\u00edc\u016f, maxim\u00e1ln\u00ed 60 m\u011bs\u00edc\u016f<br>&#8211; \u017eivnostensk\u00fd list (nepo\u017eadujeme aktivn\u00ed podnik\u00e1n\u00ed, pouze vlastnictv\u00ed \u017dL)<br><br><strong>Dolo\u017e\u00edte:<\/strong><br>&#8211; pracovn\u00ed smlouvu a posledn\u00ed t\u0159i v\u00fdplatn\u00ed p\u00e1sky<br>&#8211; \u017eivnostensk\u00fd list<br>&#8211; n\u00e1jemn\u00ed smlouvu o bydlen\u00ed (n\u00e1jemci), spolu s kontaktem na pronaj\u00edmatele bytu\/domu, nebo v\u00fdpis z Katastru nemovitost\u00ed (ti, kte\u0159\u00ed bydl\u00ed ve vlastn\u00edm bydlen\u00ed), nebo \u010destn\u00e9 prohl\u00e1\u0161en\u00ed\u00a0(\u00fa\u0159edn\u011b ov\u011b\u0159en\u00fd podpis) majitele bytu, \u010di domu ve kter\u00e9m bydl\u00edte (toto se t\u00fdk\u00e1 osob, kter\u00e9 bydl\u00ed bez n\u00e1jemn\u00ed smlouvy nap\u0159. u sv\u00fdch rodi\u010d\u016f, \u010di u rodi\u010d\u016f partnera, partnerky).<br>&#8211; dva doklady toto\u017enosti z obou stran<\/p>\n\n\n\n<h4>\u017deny na mate\u0159sk\u00e9 dovolen\u00e9<\/h4>\n\n\n\n<p>&#8211; min. rok mus\u00ed zb\u00fdvat do konce MD<br>&#8211; min. rok bydlet na stejn\u00e9 adrese<br>&#8211; dva doklady toto\u017enosti<br>&#8211; min. akontace 10%, maxim\u00e1ln\u00ed 70% (automobily z na\u0161\u00ed nab\u00eddky)<br>&#8211; min. akontace 20%, maxim\u00e1ln\u00ed 70% (automobily mimo na\u0161\u00ed nab\u00eddku)<br>&#8211; min doba spl\u00e1cen\u00ed 12 m\u011bs\u00edc\u016f, maxim\u00e1ln\u00ed 60 m\u011bs\u00edc\u016f<br>&#8211; \u017eivnostensk\u00fd list (nepo\u017eadujeme aktivn\u00ed podnik\u00e1n\u00ed, pouze vlastnictv\u00ed \u017dL)<br><br><strong>Dolo\u017e\u00edte:<\/strong><br>&#8211; v\u00fdm\u011br mate\u0159sk\u00e9<br>&#8211; \u017eivnostensk\u00fd list<br>&#8211; n\u00e1jemn\u00ed smlouvu o bydlen\u00ed (n\u00e1jemci), spolu s telefonick\u00fdm kontaktem na pronaj\u00edmatele bytu\/domu, nebo v\u00fdpis z Katastru nemovitost\u00ed (ti, kte\u0159\u00ed bydl\u00ed ve vlastn\u00edm bydlen\u00ed), nebo\u00a0\u010destn\u00e9 prohl\u00e1\u0161en\u00ed\u00a0(\u00fa\u0159edn\u011b ov\u011b\u0159en\u00fd podpis) majitele bytu, \u010di domu ve kter\u00e9m bydl\u00edte (toto se t\u00fdk\u00e1 osob, kter\u00e9 bydl\u00ed bez n\u00e1jemn\u00ed smlouvy nap\u0159. u sv\u00fdch rodi\u010d\u016f, \u010di u rodi\u010d\u016f partnera, partnerky).<br>&#8211; dva doklady toto\u017enosti z obou stran<\/p>\n\n\n\n<h4>D\u016fchodci<\/h4>\n\n\n\n<p>&#8211; max. v\u011bk \u017eadatele 70 let<br>&#8211; min. rok bydlet na stejn\u00e9 adrese<br>&#8211; dva doklady toto\u017enosti<br>&#8211; min. akontace 10%, maxim\u00e1ln\u00ed 70% (automobily z na\u0161\u00ed nab\u00eddky)<br>&#8211; min. akontace 20%, maxim\u00e1ln\u00ed 70% (automobily mimo na\u0161\u00ed nab\u00eddku)<br>&#8211; min doba spl\u00e1cen\u00ed 12 m\u011bs\u00edc\u016f, maxim\u00e1ln\u00ed 60 m\u011bs\u00edc\u016f<br>&#8211; \u017eivnostensk\u00fd list (nepo\u017eadujeme aktivn\u00ed podnik\u00e1n\u00ed, pouze vlastnictv\u00ed \u017dL)<br><br><strong>Dolo\u017e\u00edte:<\/strong><br>&#8211; d\u016fchodov\u00fd v\u00fdm\u011br n\u00e1jemn\u00ed smlouvu o bydlen\u00ed (<br>&#8211; \u017eivnostensk\u00fd list<br>&#8211; n\u00e1jemci), spolu s telefonick\u00fdm kontaktem na pronaj\u00edmatele bytu\/domu, nebo v\u00fdpis z Katastru nemovitost\u00ed (ti, kte\u0159\u00ed bydl\u00ed ve vlastn\u00edm bydlen\u00ed), nebo \u010destn\u00e9 prohl\u00e1\u0161en\u00ed\u00a0(\u00fa\u0159edn\u011b ov\u011b\u0159en\u00fd podpis) majitele bytu, \u010di domu ve kter\u00e9m bydl\u00edte (toto se t\u00fdk\u00e1 osob, kter\u00e9 bydl\u00ed bez n\u00e1jemn\u00ed smlouvy nap\u0159. u sv\u00fdch rodi\u010d\u016f, \u010di u rodi\u010d\u016f partnera, partnerky). &#8211; dva doklady toto\u017enosti z obou stran<\/p>\n\n\n\n<h4>OSV\u010c<\/h4>\n\n\n\n<p>&#8211; min. rok podnikat<br>&#8211; min. rok bydlet na stejn\u00e9 adrese<br>&#8211; dva doklady toto\u017enosti<br>&#8211; min. akontace 10%, maxim\u00e1ln\u00ed 70% (automobily z na\u0161\u00ed nab\u00eddky)<br>&#8211; min. akontace 20%, maxim\u00e1ln\u00ed 70% (automobily mimo na\u0161\u00ed nab\u00eddku)<br>&#8211; min doba spl\u00e1cen\u00ed 12 m\u011bs\u00edc\u016f, maxim\u00e1ln\u00ed 60 m\u011bs\u00edc\u016f<br>&#8211; \u017eivnostensk\u00fd list (nepo\u017eadujeme aktivn\u00ed podnik\u00e1n\u00ed, pouze vlastnictv\u00ed \u017dL)<br><br><strong>Dolo\u017e\u00edte:<\/strong><br>&#8211; posledn\u00ed da\u0148ov\u00e9 p\u0159izn\u00e1n\u00ed opat\u0159en\u00e9 raz\u00edtkem F\u00da<br>&#8211; \u017eivnostensk\u00fd list<br>&#8211; n\u00e1jemn\u00ed smlouvu o bydlen\u00ed (n\u00e1jemci), spolu s telefonn\u00edm kontaktem na pronaj\u00edmatele bytu\/domu, nebo v\u00fdpis z Katastru nemovitost\u00ed (ti, kte\u0159\u00ed bydl\u00ed ve vlastn\u00edm bydlen\u00ed), nebo\u00a0\u010destn\u00e9 prohl\u00e1\u0161en\u00ed (\u00fa\u0159edn\u011b ov\u011b\u0159en\u00fd podpis) majitele bytu, \u010di domu ve kter\u00e9m bydl\u00edte (toto se t\u00fdk\u00e1 osob, kter\u00e9 bydl\u00ed bez n\u00e1jemn\u00ed smlouvy nap\u0159. u sv\u00fdch rodi\u010d\u016f, \u010di u rodi\u010d\u016f partnera, partnerky).<br>&#8211; dva doklady toto\u017enosti z obou stran<\/p>\n\n\n\n<h4>Pr\u00e1vnick\u00e9 osoby<\/h4>\n\n\n\n<p>&#8211; min. rok podnikat<br>&#8211; min. rok bydlet na stejn\u00e9 adrese (jednatel, \u010di spole\u010dn\u00edk)<br>&#8211; dva doklady toto\u017enosti (jednatel, \u010di spole\u010dn\u00edk)<br>&#8211; min. akontace 10%, maxim\u00e1ln\u00ed 70% (automobily z na\u0161\u00ed nab\u00eddky)<br>&#8211; min. akontace 20%, maxim\u00e1ln\u00ed 70% (automobily mimo na\u0161\u00ed nab\u00eddku)<br>&#8211; min doba spl\u00e1cen\u00ed 12 m\u011bs\u00edc\u016f, maxim\u00e1ln\u00ed 60 m\u011bs\u00edc\u016f<br>&#8211; \u017eivnostensk\u00fd list (nepo\u017eadujeme aktivn\u00ed podnik\u00e1n\u00ed, pouze vlastnictv\u00ed \u017dL)<br><br><strong>Dolo\u017e\u00edte:<\/strong><br>&#8211; posledn\u00ed da\u0148ov\u00e9 p\u0159izn\u00e1n\u00ed opat\u0159en\u00e9 raz\u00edtkem F\u00da<br>&#8211; \u017eivnostensk\u00fd list<br>&#8211; n\u00e1jemn\u00ed smlouvu o bydlen\u00ed jednatele, \u010di spole\u010dn\u00edka (n\u00e1jemci), spolu s telefonn\u00edm kontaktem na pronaj\u00edmatele bytu\/domu, nebo v\u00fdpis z Katastru nemovitost\u00ed (ti, kte\u0159\u00ed bydl\u00ed ve vlastn\u00edm bydlen\u00ed), nebo\u00a0\u010destn\u00e9 prohl\u00e1\u0161en\u00ed\u00a0(\u00fa\u0159edn\u011b ov\u011b\u0159en\u00fd podpis) majitele bytu, \u010di domu ve kter\u00e9m bydl\u00edte (toto se t\u00fdk\u00e1 osob, kter\u00e9 bydl\u00ed bez n\u00e1jemn\u00ed smlouvy nap\u0159. u sv\u00fdch rodi\u010d\u016f, \u010di u rodi\u010d\u016f partnera, partnerky).<br>&#8211; dva doklady toto\u017enosti z obou stran<\/p>\n\n\n\n<h4>Cizinci<\/h4>\n\n\n\n<p>&#8211; min. rok pracovat u stejn\u00e9ho zam\u011bstnavatele<br>&#8211; min. rok bydlet na stejn\u00e9 adrese<br>&#8211; dva doklady toto\u017enosti<br>&#8211; min. akontace 10%, maxim\u00e1ln\u00ed 70% (automobily z na\u0161\u00ed nab\u00eddky)<br>&#8211; min. akontace 20%, maxim\u00e1ln\u00ed 70% (automobily mimo na\u0161\u00ed nab\u00eddku)<br>&#8211; min doba spl\u00e1cen\u00ed 12 m\u011bs\u00edc\u016f, maxim\u00e1ln\u00ed 60 m\u011bs\u00edc\u016f<br>&#8211; \u017eivnostensk\u00fd list (nepo\u017eadujeme aktivn\u00ed podnik\u00e1n\u00ed, pouze vlastnictv\u00ed \u017dL)<br><br><strong>Dolo\u017e\u00edte:<\/strong><br>&#8211; pracovn\u00ed smlouvu plus posledn\u00ed t\u0159i v\u00fdplatn\u00ed p\u00e1sky<br>&#8211; \u017eivnostensk\u00fd list<br>&#8211; n\u00e1jemn\u00ed smlouvu o bydlen\u00ed (n\u00e1jemci), spolu s telefonick\u00fdm kontaktem na pronaj\u00edmatele bytu\/domu, nebo v\u00fdpis z Katastru nemovitost\u00ed (ti, kte\u0159\u00ed bydl\u00ed ve vlastn\u00edm bydlen\u00ed), nebo&nbsp;\u010destn\u00e9 prohl\u00e1\u0161en\u00ed&nbsp;(\u00fa\u0159edn\u011b ov\u011b\u0159en\u00fd podpis) majitele bytu, \u010di domu ve kter\u00e9m bydl\u00edte (toto se t\u00fdk\u00e1 osob, kter\u00e9 bydl\u00ed bez n\u00e1jemn\u00ed smlouvy nap\u0159. u sv\u00fdch rodi\u010d\u016f, \u010di u rodi\u010d\u016f partnera, partnerky).<br>&#8211; pas s vyzna\u010den\u00fdm pobytem plus druh\u00fd doklad toto\u017enosti.<br><br><em>* U cizinc\u016f, kte\u0159\u00ed podnikaj\u00ed V \u010cR plat\u00ed stejn\u00e9 podm\u00ednky jako u \u010desk\u00fdch ob\u010dan\u016f<\/em><\/p>\n","protected":false},"excerpt":{"rendered":"<p>Postup pod\u00e1n\u00ed \u017e\u00e1dosti Naskenujte, po\u017eadovan\u00e9 uveden\u00e9 podklady a za\u0161lete n\u00e1m je spolu s telefonn\u00edm kontaktem na emailovou adresu&nbsp;rentstore@seznam.cz Na z\u00e1klad\u011b t\u011bchto podklad\u016f si ud\u011bl\u00e1me tzv. scoring (schvalovac\u00ed proces), podle kter\u00e9ho vyhodnot\u00edme za jak\u00fdch podm\u00ednek jste pro\u0161li (v\u00fd\u0161e akontace, d\u00e9lka spl\u00e1cen\u00ed).Ne\u017e email ode\u0161lete, tak pros\u00edm zkontrolujte \u010ditelnost v\u0161ech zas\u00edlan\u00fdch podklad\u016f. Do p\u0159edm\u011btu emailu pros\u00edm v\u017edy uv\u00e1d\u011bjte [&hellip;]<\/p>\n","protected":false},"author":1,"featured_media":0,"parent":0,"menu_order":0,"comment_status":"closed","ping_status":"closed","template":"","meta":[],"_links":{"self":[{"href":"https:\/\/new.pujcovani.cz\/index.php\/wp-json\/wp\/v2\/pages\/33"}],"collection":[{"href":"https:\/\/new.pujcovani.cz\/index.php\/wp-json\/wp\/v2\/pages"}],"about":[{"href":"https:\/\/new.pujcovani.cz\/index.php\/wp-json\/wp\/v2\/types\/page"}],"author":[{"embeddable":true,"href":"https:\/\/new.pujcovani.cz\/index.php\/wp-json\/wp\/v2\/users\/1"}],"replies":[{"embeddable":true,"href":"https:\/\/new.pujcovani.cz\/index.php\/wp-json\/wp\/v2\/comments?post=33"}],"version-history":[{"count":8,"href":"https:\/\/new.pujcovani.cz\/index.php\/wp-json\/wp\/v2\/pages\/33\/revisions"}],"predecessor-version":[{"id":272,"href":"https:\/\/new.pujcovani.cz\/index.php\/wp-json\/wp\/v2\/pages\/33\/revisions\/272"}],"wp:attachment":[{"href":"https:\/\/new.pujcovani.cz\/index.php\/wp-json\/wp\/v2\/media?parent=33"}],"curies":[{"name":"wp","href":"https:\/\/api.w.org\/{rel}","templated":true}]}}