{"id":424,"date":"2021-05-08T20:37:36","date_gmt":"2021-05-08T18:37:36","guid":{"rendered":"https:\/\/new.pujcovani.cz\/?page_id=424"},"modified":"2021-05-08T21:03:49","modified_gmt":"2021-05-08T19:03:49","slug":"orientacni-vypocet-splatek","status":"publish","type":"page","link":"https:\/\/new.pujcovani.cz\/index.php\/orientacni-vypocet-splatek\/","title":{"rendered":"Orienta\u010dn\u00ed v\u00fdpo\u010det spl\u00e1tek"},"content":{"rendered":"\n<figure class=\"wp-block-table is-style-stripes\"><table><thead><tr><th class=\"has-text-align-left\" data-align=\"left\">CENA VOZU<\/th><th class=\"has-text-align-right\" data-align=\"right\">60000<\/th><th class=\"has-text-align-right\" data-align=\"right\">80000<\/th><th class=\"has-text-align-right\" data-align=\"right\">100000<\/th><th class=\"has-text-align-right\" data-align=\"right\">120000<\/th><th class=\"has-text-align-right\" data-align=\"right\">140000<\/th><th class=\"has-text-align-right\" data-align=\"right\">160000<\/th><th class=\"has-text-align-right\" data-align=\"right\">180000<\/th><th class=\"has-text-align-right\" data-align=\"right\">200000<\/th><th class=\"has-text-align-right\" data-align=\"right\">300000<\/th><\/tr><\/thead><tbody><tr><td class=\"has-text-align-left\" data-align=\"left\">AKONTACE <strong>30%<\/strong> ***<\/td><td class=\"has-text-align-right\" data-align=\"right\">18000<\/td><td class=\"has-text-align-right\" data-align=\"right\">24000<\/td><td class=\"has-text-align-right\" data-align=\"right\">30000<\/td><td class=\"has-text-align-right\" data-align=\"right\">36000<\/td><td class=\"has-text-align-right\" data-align=\"right\">42000<\/td><td class=\"has-text-align-right\" data-align=\"right\">48000<\/td><td class=\"has-text-align-right\" data-align=\"right\">54000<\/td><td class=\"has-text-align-right\" data-align=\"right\">60000<\/td><td class=\"has-text-align-right\" data-align=\"right\">90000<\/td><\/tr><tr><td class=\"has-text-align-left\" data-align=\"left\">Spl\u00e1tky 24m.<\/td><td class=\"has-text-align-right\" data-align=\"right\">2946<\/td><td class=\"has-text-align-right\" data-align=\"right\">3928<\/td><td class=\"has-text-align-right\" data-align=\"right\">4910<\/td><td class=\"has-text-align-right\" data-align=\"right\">5652<\/td><td class=\"has-text-align-right\" data-align=\"right\">6594<\/td><td class=\"has-text-align-right\" data-align=\"right\">7535<\/td><td class=\"has-text-align-right\" data-align=\"right\">8477<\/td><td class=\"has-text-align-right\" data-align=\"right\">9419<\/td><td class=\"has-text-align-right\" data-align=\"right\">14129<\/td><\/tr><tr><td class=\"has-text-align-left\" data-align=\"left\">Spl\u00e1tky 36m.<\/td><td class=\"has-text-align-right\" data-align=\"right\">2299<\/td><td class=\"has-text-align-right\" data-align=\"right\">3066<\/td><td class=\"has-text-align-right\" data-align=\"right\">3832<\/td><td class=\"has-text-align-right\" data-align=\"right\">4598<\/td><td class=\"has-text-align-right\" data-align=\"right\">5364<\/td><td class=\"has-text-align-right\" data-align=\"right\">6131<\/td><td class=\"has-text-align-right\" data-align=\"right\">6897<\/td><td class=\"has-text-align-right\" data-align=\"right\">7663<\/td><td class=\"has-text-align-right\" data-align=\"right\">11494<\/td><\/tr><tr><td class=\"has-text-align-left\" data-align=\"left\">Spl\u00e1tky 48m.<\/td><td class=\"has-text-align-right\" data-align=\"right\">1982<\/td><td class=\"has-text-align-right\" data-align=\"right\">2643<\/td><td class=\"has-text-align-right\" data-align=\"right\">3303<\/td><td class=\"has-text-align-right\" data-align=\"right\">3964<\/td><td class=\"has-text-align-right\" data-align=\"right\">4624<\/td><td class=\"has-text-align-right\" data-align=\"right\">5285<\/td><td class=\"has-text-align-right\" data-align=\"right\">5945<\/td><td class=\"has-text-align-right\" data-align=\"right\">6606<\/td><td class=\"has-text-align-right\" data-align=\"right\">9908<\/td><\/tr><tr><td class=\"has-text-align-left\" data-align=\"left\">Spl\u00e1tky 60m.<\/td><td class=\"has-text-align-right\" data-align=\"right\">1741<\/td><td class=\"has-text-align-right\" data-align=\"right\">2321<\/td><td class=\"has-text-align-right\" data-align=\"right\">2902<\/td><td class=\"has-text-align-right\" data-align=\"right\">3539<\/td><td class=\"has-text-align-right\" data-align=\"right\">4129<\/td><td class=\"has-text-align-right\" data-align=\"right\">4719<\/td><td class=\"has-text-align-right\" data-align=\"right\">5308<\/td><td class=\"has-text-align-right\" data-align=\"right\">5898<\/td><td class=\"has-text-align-right\" data-align=\"right\">8847<\/td><\/tr><\/tbody><\/table><\/figure>\n\n\n\n<p>*** NI\u017d\u0160\u00cd AKONTACE LZE NA DOTAZ U LEASINGOV\u00c9 SPOLE\u010cNOSTI<br>*** VY\u0160\u0160\u00cd AKONTACE LZE A\u017d DO V\u00dd\u0160E 90%-MINIM\u00c1LN\u00cd FINANCOVAN\u00c1 \u010c\u00c1STKA V\u0160AK MUS\u00cd B\u00ddT 30000K\u010c<br>*** BEZ AKONTACE NELZE<br>*** P\u0158I BEZPROBL\u00c9MOV\u00c9M ,RYCHL\u00c9M DOD\u00c1N\u00cd PODKLAD\u016e U PODPISU SMLOUVY MO\u017dNO\u00a0 SLEVY NA AKONTACI<br>\/PLAT\u00cd U VYBRAN\u00ddCH VOZ\u016e\/<\/p>\n\n\n\n<p>P\u0158EDEM SE NEPLAT\u00cd \u017d\u00c1DN\u00c9 POPLATKY P\u0158EDEM<br>OD NA\u0160\u00cd SPOLE\u010cNOSTI JE ZPROST\u0158EDKOV\u00c1N\u00cd LEASINGU ZDARMA<\/p>\n\n\n\n<p>V\u00dd\u0160E UVEDEN\u00c9 SPL\u00c1TKY JSOU POUZE ORIENTA\u010cN\u00cd,MOHOU SE LI\u0160IT V Z\u00c1VISLOSTI NA ZADLU\u017dEN\u00cd,<br>DOLO\u017dEN\u00ddCH PODKLADECH,V\u00dd\u0160E AKONTACE,D\u00c9LCE SPL\u00c1CEN\u00cd,TYPU VOZU,<br>\u0158\u00c1DOV\u011a SE LI\u0160\u00cd VE STOKORUN\u00c1CH,SPL\u00c1TKA JE BEZ POJI\u0160T\u011aN\u00cd<br>POJI\u0160T\u011aN\u00cd JE NUTNO SJEDNAT!<\/p>\n\n\n\n<h3>SPL\u00c1TKY PRO KA\u017dD\u00c9HO V DLUHU, V REGISTRU, S EXEKUCEMI, V REGISTRECH NRKI, BRKI, SOLUS!!!<\/h3>\n\n\n\n<p><\/p>\n","protected":false},"excerpt":{"rendered":"<p>CENA VOZU 60000 80000 100000 120000 140000 160000 180000 200000 300000 AKONTACE 30% *** 18000 24000 30000 36000 42000 48000 54000 60000 90000 Spl\u00e1tky 24m. 2946 3928 4910 5652 6594 7535 8477 9419 14129 Spl\u00e1tky 36m. 2299 3066 3832 4598 5364 6131 6897 7663 11494 Spl\u00e1tky 48m. 1982 2643 3303 3964 4624 5285 5945 6606 [&hellip;]<\/p>\n","protected":false},"author":1,"featured_media":0,"parent":0,"menu_order":0,"comment_status":"closed","ping_status":"closed","template":"","meta":[],"_links":{"self":[{"href":"https:\/\/new.pujcovani.cz\/index.php\/wp-json\/wp\/v2\/pages\/424"}],"collection":[{"href":"https:\/\/new.pujcovani.cz\/index.php\/wp-json\/wp\/v2\/pages"}],"about":[{"href":"https:\/\/new.pujcovani.cz\/index.php\/wp-json\/wp\/v2\/types\/page"}],"author":[{"embeddable":true,"href":"https:\/\/new.pujcovani.cz\/index.php\/wp-json\/wp\/v2\/users\/1"}],"replies":[{"embeddable":true,"href":"https:\/\/new.pujcovani.cz\/index.php\/wp-json\/wp\/v2\/comments?post=424"}],"version-history":[{"count":2,"href":"https:\/\/new.pujcovani.cz\/index.php\/wp-json\/wp\/v2\/pages\/424\/revisions"}],"predecessor-version":[{"id":429,"href":"https:\/\/new.pujcovani.cz\/index.php\/wp-json\/wp\/v2\/pages\/424\/revisions\/429"}],"wp:attachment":[{"href":"https:\/\/new.pujcovani.cz\/index.php\/wp-json\/wp\/v2\/media?parent=424"}],"curies":[{"name":"wp","href":"https:\/\/api.w.org\/{rel}","templated":true}]}}