{"id":43,"date":"2021-04-02T17:26:25","date_gmt":"2021-04-02T15:26:25","guid":{"rendered":"https:\/\/new.pujcovani.cz\/?page_id=43"},"modified":"2021-04-10T22:48:29","modified_gmt":"2021-04-10T20:48:29","slug":"uvodni-stranka","status":"publish","type":"page","link":"https:\/\/new.pujcovani.cz\/","title":{"rendered":"\u00davodn\u00ed str\u00e1nka"},"content":{"rendered":"\n<div style=\"height:32px\" aria-hidden=\"true\" class=\"wp-block-spacer\"><\/div>\n\n\n\n<h1><strong>V\u00edtejte&#8230;<\/strong><\/h1>\n\n\n\n<div class=\"wp-block-image is-style-default\"><figure class=\"alignleft size-large is-resized\"><img loading=\"lazy\" src=\"https:\/\/new.pujcovani.cz\/wp-content\/uploads\/2021\/04\/A8_2.png\" alt=\"\" class=\"wp-image-249\" width=\"716\" height=\"314\" srcset=\"https:\/\/new.pujcovani.cz\/wp-content\/uploads\/2021\/04\/A8_2.png 736w, https:\/\/new.pujcovani.cz\/wp-content\/uploads\/2021\/04\/A8_2-300x132.png 300w\" sizes=\"(max-width: 716px) 100vw, 716px\" \/><\/figure><\/div>\n\n\n\n<p><strong>Jsme obchodn\u00ed spole\u010dnost nab\u00edzej\u00edc\u00ed a&nbsp;zprost\u0159edkuj\u00edc\u00ed leasing, spl\u00e1tky, pron\u00e1jem na na\u0161e vozy v\u0161em, i zadlu\u017een\u00fdm,&nbsp;s&nbsp;exekuc\u00ed, v&nbsp;registrech solus, nrki, brki, a ostatn\u00edch<\/strong><\/p>\n\n\n\n<p><\/p>\n\n\n\n<p><strong>Pron\u00e1jem vozidel a moto na svatby a jin\u00e9 ud\u00e1losti, smluvn\u00ed p\u0159eprava, focen\u00ed, reklamy, p\u016fj\u010dky, z\u00e1stavy, proti\u00fa\u010dty, v\u00fdkupy, dovozy.<\/strong><\/p>\n\n\n\n<div style=\"height:81px\" aria-hidden=\"true\" class=\"wp-block-spacer\"><\/div>\n\n\n\n<p><strong><span style=\"text-decoration: underline;\">Nab\u00edz\u00edme:<\/span><\/strong><\/p>\n\n\n\n<div class=\"wp-block-image\"><figure class=\"alignright size-full is-resized\"><img loading=\"lazy\" src=\"https:\/\/new.pujcovani.cz\/wp-content\/uploads\/2021\/04\/superb.png\" alt=\"\" class=\"wp-image-240\" width=\"710\" height=\"309\" srcset=\"https:\/\/new.pujcovani.cz\/wp-content\/uploads\/2021\/04\/superb.png 800w, https:\/\/new.pujcovani.cz\/wp-content\/uploads\/2021\/04\/superb-300x131.png 300w, https:\/\/new.pujcovani.cz\/wp-content\/uploads\/2021\/04\/superb-768x334.png 768w\" sizes=\"(max-width: 710px) 100vw, 710px\" \/><\/figure><\/div>\n\n\n\n<ul><li><strong>Leasing, \u00fav\u011bry<\/strong><\/li><li><strong>spl\u00e1tky v\u0161em<\/strong><\/li><li><strong>Operativn\u00ed spl\u00e1tky<\/strong><\/li><li><strong>Odkup<\/strong><\/li><li><strong>V\u00fdkup<\/strong><\/li><li><strong>Proti\u00fa\u010det<\/strong><\/li><li><strong>P\u016fj\u010dky na vozy<\/strong><\/li><li><strong>Z\u00e1stavy<\/strong><\/li><li><strong>Dovoz<\/strong><\/li><li><strong>P\u016fj\u010dovna n\u00e1hradn\u00edho vozidla<\/strong><\/li><li><strong>Smluvn\u00ed p\u0159eprava<\/strong><\/li><li><strong>\u0158e\u0161en\u00ed poj. ud\u00e1lost\u00ed<\/strong><\/li><li><strong>Znaleck\u00e9 posudky<\/strong><\/li><li><strong>Poji\u0161t\u011bn\u00ed zprost\u0159edkujeme<\/strong><\/li><\/ul>\n\n\n\n<div style=\"height:100px\" aria-hidden=\"true\" class=\"wp-block-spacer\"><\/div>\n\n\n\n<h2>Financujeme:<\/h2>\n\n\n\n<p>&#8211; automobily&nbsp;<strong>od roku v\u00fdroby 2002<\/strong>&nbsp;(s vyj\u00edmkou veter\u00e1n\u016f, tam nen\u00ed samoz\u0159ejm\u011b rok v\u00fdroby omezen)<br>&#8211; cena vozu mus\u00ed odpov\u00eddat aktu\u00e1ln\u00ed cen\u011b na trhu ojetin (sauto.cz, tipcars.cz atd.)<br>&#8211; minim\u00e1ln\u00ed financovan\u00e1 \u010d\u00e1stka&nbsp;<strong>30 000<\/strong>,- K\u010d<br>&#8211; maxim\u00e1ln\u00ed financovan\u00e1 \u010d\u00e1stka u prvo\u017eadatel\u016f&nbsp;<strong>300 000<\/strong>,- K\u010d<br><br>Z\u00e1znamy v registrech ne\u0159e\u0161\u00edme, ale jsou-li proti V\u00e1m vedeny exekuce (1-3), tak V\u00e1m \u00fam\u011brn\u011b z\u00e1va\u017enosti t\u011bchto exekuc\u00ed zv\u00fd\u0161\u00edme akontaci. M\u00e1te-li velk\u00fd po\u010det exekuc\u00ed (5 a v\u00edce) a nem\u00e1te \u017e\u00e1dn\u00e9ho ru\u010ditele, je zde je\u0161t\u011b posledn\u00ed mo\u017enost a to slo\u017eit 50% akontaci, spl\u00e1tky jsou v\u0161ak v tomto p\u0159\u00edpad\u011b o n\u011bco vy\u0161\u0161\u00ed, ne\u017e u ostatn\u00edch na\u0161ich produkt\u016f, nebo\u0165 zde podstupujeme v\u00fdrazn\u011b vy\u0161\u0161\u00ed riziko pozdn\u00edho placen\u00ed spl\u00e1tek. Z v\u00fd\u0161e popsan\u00e9ho je tedy z\u0159ejm\u00e9, \u017ee leasing opravdu poskytneme v\u0161em.<br><br>Pokud nespl\u0148ujete jednu z podm\u00ednek (rok pracovat, rok bydlet), je\u0161t\u011b nen\u00ed nic ztraceno, je mo\u017en\u00e9 to \u0159e\u0161it, bu\u010f ru\u010ditelem, kter\u00fd na\u0161e podm\u00ednky spl\u0148uje, nebo slo\u017een\u00edm vy\u0161\u0161\u00ed akontace ne\u017e z\u00e1kladn\u00ed.<\/p>\n\n\n\n<p>V\u0161e up\u0159esn\u011bno po dolo\u017een\u00ed podklad\u016f, doba spl\u00e1cen\u00ed, v\u00fd\u0161e akontace, v\u00fd\u0161e spl\u00e1tky, pop\u0159. dopln\u011bn\u00ed podklad\u016f pro leasing.<\/p>\n\n\n\n<div style=\"height:100px\" aria-hidden=\"true\" class=\"wp-block-spacer\"><\/div>\n","protected":false},"excerpt":{"rendered":"<p>V\u00edtejte&#8230; Jsme obchodn\u00ed spole\u010dnost nab\u00edzej\u00edc\u00ed a&nbsp;zprost\u0159edkuj\u00edc\u00ed leasing, spl\u00e1tky, pron\u00e1jem na na\u0161e vozy v\u0161em, i zadlu\u017een\u00fdm,&nbsp;s&nbsp;exekuc\u00ed, v&nbsp;registrech solus, nrki, brki, a ostatn\u00edch Pron\u00e1jem vozidel a moto na svatby a jin\u00e9 ud\u00e1losti, smluvn\u00ed p\u0159eprava, focen\u00ed, reklamy, p\u016fj\u010dky, z\u00e1stavy, proti\u00fa\u010dty, v\u00fdkupy, dovozy. Nab\u00edz\u00edme: Leasing, \u00fav\u011bry spl\u00e1tky v\u0161em Operativn\u00ed spl\u00e1tky Odkup V\u00fdkup Proti\u00fa\u010det P\u016fj\u010dky na vozy Z\u00e1stavy Dovoz P\u016fj\u010dovna [&hellip;]<\/p>\n","protected":false},"author":1,"featured_media":0,"parent":0,"menu_order":0,"comment_status":"closed","ping_status":"closed","template":"","meta":[],"_links":{"self":[{"href":"https:\/\/new.pujcovani.cz\/index.php\/wp-json\/wp\/v2\/pages\/43"}],"collection":[{"href":"https:\/\/new.pujcovani.cz\/index.php\/wp-json\/wp\/v2\/pages"}],"about":[{"href":"https:\/\/new.pujcovani.cz\/index.php\/wp-json\/wp\/v2\/types\/page"}],"author":[{"embeddable":true,"href":"https:\/\/new.pujcovani.cz\/index.php\/wp-json\/wp\/v2\/users\/1"}],"replies":[{"embeddable":true,"href":"https:\/\/new.pujcovani.cz\/index.php\/wp-json\/wp\/v2\/comments?post=43"}],"version-history":[{"count":40,"href":"https:\/\/new.pujcovani.cz\/index.php\/wp-json\/wp\/v2\/pages\/43\/revisions"}],"predecessor-version":[{"id":350,"href":"https:\/\/new.pujcovani.cz\/index.php\/wp-json\/wp\/v2\/pages\/43\/revisions\/350"}],"wp:attachment":[{"href":"https:\/\/new.pujcovani.cz\/index.php\/wp-json\/wp\/v2\/media?parent=43"}],"curies":[{"name":"wp","href":"https:\/\/api.w.org\/{rel}","templated":true}]}}