{"id":52,"date":"2021-04-02T17:36:50","date_gmt":"2021-04-02T15:36:50","guid":{"rendered":"https:\/\/new.pujcovani.cz\/?page_id=52"},"modified":"2021-04-29T08:56:38","modified_gmt":"2021-04-29T06:56:38","slug":"vozy-motoprodej","status":"publish","type":"page","link":"https:\/\/new.pujcovani.cz\/index.php\/vozy-motoprodej\/","title":{"rendered":"Vozy &#8211; Moto &#8211; Prodej"},"content":{"rendered":"\n<h2>Audi A8 60 TDI V8 biturbo QUATTRO<\/h2>\n\n\n\n<figure class=\"wp-block-gallery columns-5 is-cropped\"><ul class=\"blocks-gallery-grid\"><li class=\"blocks-gallery-item\"><figure><a href=\"https:\/\/new.pujcovani.cz\/wp-content\/uploads\/2021\/04\/a4.jpg\"><img loading=\"lazy\" width=\"1024\" height=\"768\" src=\"https:\/\/new.pujcovani.cz\/wp-content\/uploads\/2021\/04\/a4.jpg\" alt=\"\" data-id=\"405\" data-full-url=\"https:\/\/new.pujcovani.cz\/wp-content\/uploads\/2021\/04\/a4.jpg\" data-link=\"https:\/\/new.pujcovani.cz\/index.php\/vozy-motoprodej\/a4\/\" class=\"wp-image-405\" srcset=\"https:\/\/new.pujcovani.cz\/wp-content\/uploads\/2021\/04\/a4.jpg 1024w, https:\/\/new.pujcovani.cz\/wp-content\/uploads\/2021\/04\/a4-300x225.jpg 300w, https:\/\/new.pujcovani.cz\/wp-content\/uploads\/2021\/04\/a4-768x576.jpg 768w\" sizes=\"(max-width: 1024px) 100vw, 1024px\" \/><\/a><\/figure><\/li><li class=\"blocks-gallery-item\"><figure><a href=\"https:\/\/new.pujcovani.cz\/wp-content\/uploads\/2021\/04\/a3.jpg\"><img loading=\"lazy\" width=\"1024\" height=\"768\" src=\"https:\/\/new.pujcovani.cz\/wp-content\/uploads\/2021\/04\/a3.jpg\" alt=\"\" data-id=\"406\" data-full-url=\"https:\/\/new.pujcovani.cz\/wp-content\/uploads\/2021\/04\/a3.jpg\" data-link=\"https:\/\/new.pujcovani.cz\/index.php\/vozy-motoprodej\/a3\/\" class=\"wp-image-406\" srcset=\"https:\/\/new.pujcovani.cz\/wp-content\/uploads\/2021\/04\/a3.jpg 1024w, https:\/\/new.pujcovani.cz\/wp-content\/uploads\/2021\/04\/a3-300x225.jpg 300w, https:\/\/new.pujcovani.cz\/wp-content\/uploads\/2021\/04\/a3-768x576.jpg 768w\" sizes=\"(max-width: 1024px) 100vw, 1024px\" \/><\/a><\/figure><\/li><li class=\"blocks-gallery-item\"><figure><a href=\"https:\/\/new.pujcovani.cz\/wp-content\/uploads\/2021\/04\/a2.jpg\"><img loading=\"lazy\" width=\"1024\" height=\"768\" src=\"https:\/\/new.pujcovani.cz\/wp-content\/uploads\/2021\/04\/a2.jpg\" alt=\"\" data-id=\"407\" data-full-url=\"https:\/\/new.pujcovani.cz\/wp-content\/uploads\/2021\/04\/a2.jpg\" data-link=\"https:\/\/new.pujcovani.cz\/index.php\/vozy-motoprodej\/a2\/\" class=\"wp-image-407\" srcset=\"https:\/\/new.pujcovani.cz\/wp-content\/uploads\/2021\/04\/a2.jpg 1024w, https:\/\/new.pujcovani.cz\/wp-content\/uploads\/2021\/04\/a2-300x225.jpg 300w, https:\/\/new.pujcovani.cz\/wp-content\/uploads\/2021\/04\/a2-768x576.jpg 768w\" sizes=\"(max-width: 1024px) 100vw, 1024px\" \/><\/a><\/figure><\/li><li class=\"blocks-gallery-item\"><figure><a href=\"https:\/\/new.pujcovani.cz\/wp-content\/uploads\/2021\/04\/a5.jpg\"><img loading=\"lazy\" width=\"1024\" height=\"768\" src=\"https:\/\/new.pujcovani.cz\/wp-content\/uploads\/2021\/04\/a5.jpg\" alt=\"\" data-id=\"404\" data-full-url=\"https:\/\/new.pujcovani.cz\/wp-content\/uploads\/2021\/04\/a5.jpg\" data-link=\"https:\/\/new.pujcovani.cz\/index.php\/vozy-motoprodej\/a5\/\" class=\"wp-image-404\" srcset=\"https:\/\/new.pujcovani.cz\/wp-content\/uploads\/2021\/04\/a5.jpg 1024w, https:\/\/new.pujcovani.cz\/wp-content\/uploads\/2021\/04\/a5-300x225.jpg 300w, https:\/\/new.pujcovani.cz\/wp-content\/uploads\/2021\/04\/a5-768x576.jpg 768w\" sizes=\"(max-width: 1024px) 100vw, 1024px\" \/><\/a><\/figure><\/li><li class=\"blocks-gallery-item\"><figure><a href=\"https:\/\/new.pujcovani.cz\/wp-content\/uploads\/2021\/04\/a1.jpg\"><img loading=\"lazy\" width=\"1024\" height=\"768\" src=\"https:\/\/new.pujcovani.cz\/wp-content\/uploads\/2021\/04\/a1.jpg\" alt=\"\" data-id=\"408\" data-full-url=\"https:\/\/new.pujcovani.cz\/wp-content\/uploads\/2021\/04\/a1.jpg\" data-link=\"https:\/\/new.pujcovani.cz\/index.php\/vozy-motoprodej\/a1\/\" class=\"wp-image-408\" srcset=\"https:\/\/new.pujcovani.cz\/wp-content\/uploads\/2021\/04\/a1.jpg 1024w, https:\/\/new.pujcovani.cz\/wp-content\/uploads\/2021\/04\/a1-300x225.jpg 300w, https:\/\/new.pujcovani.cz\/wp-content\/uploads\/2021\/04\/a1-768x576.jpg 768w\" sizes=\"(max-width: 1024px) 100vw, 1024px\" \/><\/a><\/figure><\/li><\/ul><\/figure>\n\n\n\n<div class=\"wp-block-columns\">\n<div class=\"wp-block-column\">\n<p><strong>Cena: <\/strong>3 399 000 K\u010d<br><strong>Pozn\u00e1mka k cen\u011b:<\/strong> mo\u017enost odpo\u010dtu DPH<br><strong>V provozu od:<\/strong> 7\/2020<br><strong>Tachometr:<\/strong> 14 200 km<br><strong>Palivo:<\/strong> nafta<br><strong>Objem:<\/strong> 3 956 ccm<br><strong>P\u0159evodovka:<\/strong> automatick\u00e1 (8 stup\u0148ov\u00e1 a v\u00edce)<br><strong>Klimatizace:<\/strong> \u010dty\u0159z\u00f3nov\u00e1 automatick\u00e1<br><strong>VIN:<\/strong> WAUZZZF87LN331657<\/p>\n<\/div>\n\n\n\n<div class=\"wp-block-column\">\n<p><strong>V\u00fdkon:<\/strong> 320 kW (435 kon\u00ed)<br><strong>Prvn\u00ed majitel:<\/strong> ano<br><strong>Servisn\u00ed kn\u00ed\u017eka:<\/strong> ano<br><strong>Zem\u011b p\u016fvodu:<\/strong> N\u011bmecko<br><strong>V provozu od:<\/strong> 7\/2020<br><strong>Karoserie:<\/strong> sedan\/limuz\u00edna<br><strong>Barva:<\/strong> \u010dern\u00e1, metal\u00edza<br><strong>Po\u010det dve\u0159\u00ed:<\/strong> 4<br><strong>Po\u010det m\u00edst:<\/strong> 4<\/p>\n<\/div>\n<\/div>\n\n\n\n<h3>Dopl\u0148uj\u00edc\u00ed informace<\/h3>\n\n\n\n<p>P\u0158EDV\u00c1D\u011aC\u00cd AUTO SKLADEM &#8211; \u010dern\u00e1 metal\u00edza, \u010dern\u00e1 pro\u0161\u00edvan\u00e1 k\u016f\u017ee, 21&#8243;kola, Sport paket exteri\u00e9r \/ exteri\u00e9r, t\u00f3novan\u00e1 skla, HD Matrix LED, adaptivn\u00ed tempomat, vzduchov\u00fd podvozek, nat\u00e1\u010den\u00ed zadn\u00edch kol, asistent no\u010dn\u00edho vid\u011bn\u00ed, Audi connect, parkovac\u00ed kamery 360\u00b0, elektrick\u00e9 st\u0159e\u0161n\u00ed okno, head-up displej, bezkl\u00ed\u010dkov\u00fd VSTUP \/ START, &#8222;S&#8220; sportovn\u00ed-mas\u00e1\u017en\u00ed-odv\u011btr\u00e1van\u00e1 a vyh\u0159\u00edvan\u00e1 elektrick\u00e1 sedadla s pam\u011bt\u00ed, navigace MMI, virtu\u00e1ln\u00ed kokpit \u0159idi\u010de, Bang &amp; Olufsen, 2x dotykov\u00e9 LCD tablety vzadu<\/p>\n\n\n\n<hr class=\"wp-block-separator has-text-color has-background has-black-background-color has-black-color is-style-wide\"\/>\n\n\n\n<h2>Audi A8 60 TDI V8 biturbo QUATTRO<\/h2>\n\n\n\n<figure class=\"wp-block-gallery columns-5 is-cropped\"><ul class=\"blocks-gallery-grid\"><li class=\"blocks-gallery-item\"><figure><a href=\"https:\/\/new.pujcovani.cz\/wp-content\/uploads\/2021\/04\/a4.jpg\"><img loading=\"lazy\" width=\"1024\" height=\"768\" src=\"https:\/\/new.pujcovani.cz\/wp-content\/uploads\/2021\/04\/a4.jpg\" alt=\"\" data-id=\"405\" data-full-url=\"https:\/\/new.pujcovani.cz\/wp-content\/uploads\/2021\/04\/a4.jpg\" data-link=\"https:\/\/new.pujcovani.cz\/index.php\/vozy-motoprodej\/a4\/\" class=\"wp-image-405\" srcset=\"https:\/\/new.pujcovani.cz\/wp-content\/uploads\/2021\/04\/a4.jpg 1024w, https:\/\/new.pujcovani.cz\/wp-content\/uploads\/2021\/04\/a4-300x225.jpg 300w, https:\/\/new.pujcovani.cz\/wp-content\/uploads\/2021\/04\/a4-768x576.jpg 768w\" sizes=\"(max-width: 1024px) 100vw, 1024px\" \/><\/a><\/figure><\/li><li class=\"blocks-gallery-item\"><figure><a href=\"https:\/\/new.pujcovani.cz\/wp-content\/uploads\/2021\/04\/a3.jpg\"><img loading=\"lazy\" width=\"1024\" height=\"768\" src=\"https:\/\/new.pujcovani.cz\/wp-content\/uploads\/2021\/04\/a3.jpg\" alt=\"\" data-id=\"406\" data-full-url=\"https:\/\/new.pujcovani.cz\/wp-content\/uploads\/2021\/04\/a3.jpg\" data-link=\"https:\/\/new.pujcovani.cz\/index.php\/vozy-motoprodej\/a3\/\" class=\"wp-image-406\" srcset=\"https:\/\/new.pujcovani.cz\/wp-content\/uploads\/2021\/04\/a3.jpg 1024w, https:\/\/new.pujcovani.cz\/wp-content\/uploads\/2021\/04\/a3-300x225.jpg 300w, https:\/\/new.pujcovani.cz\/wp-content\/uploads\/2021\/04\/a3-768x576.jpg 768w\" sizes=\"(max-width: 1024px) 100vw, 1024px\" \/><\/a><\/figure><\/li><li class=\"blocks-gallery-item\"><figure><a href=\"https:\/\/new.pujcovani.cz\/wp-content\/uploads\/2021\/04\/a2.jpg\"><img loading=\"lazy\" width=\"1024\" height=\"768\" src=\"https:\/\/new.pujcovani.cz\/wp-content\/uploads\/2021\/04\/a2.jpg\" alt=\"\" data-id=\"407\" data-full-url=\"https:\/\/new.pujcovani.cz\/wp-content\/uploads\/2021\/04\/a2.jpg\" data-link=\"https:\/\/new.pujcovani.cz\/index.php\/vozy-motoprodej\/a2\/\" class=\"wp-image-407\" srcset=\"https:\/\/new.pujcovani.cz\/wp-content\/uploads\/2021\/04\/a2.jpg 1024w, https:\/\/new.pujcovani.cz\/wp-content\/uploads\/2021\/04\/a2-300x225.jpg 300w, https:\/\/new.pujcovani.cz\/wp-content\/uploads\/2021\/04\/a2-768x576.jpg 768w\" sizes=\"(max-width: 1024px) 100vw, 1024px\" \/><\/a><\/figure><\/li><li class=\"blocks-gallery-item\"><figure><a href=\"https:\/\/new.pujcovani.cz\/wp-content\/uploads\/2021\/04\/a5.jpg\"><img loading=\"lazy\" width=\"1024\" height=\"768\" src=\"https:\/\/new.pujcovani.cz\/wp-content\/uploads\/2021\/04\/a5.jpg\" alt=\"\" data-id=\"404\" data-full-url=\"https:\/\/new.pujcovani.cz\/wp-content\/uploads\/2021\/04\/a5.jpg\" data-link=\"https:\/\/new.pujcovani.cz\/index.php\/vozy-motoprodej\/a5\/\" class=\"wp-image-404\" srcset=\"https:\/\/new.pujcovani.cz\/wp-content\/uploads\/2021\/04\/a5.jpg 1024w, https:\/\/new.pujcovani.cz\/wp-content\/uploads\/2021\/04\/a5-300x225.jpg 300w, https:\/\/new.pujcovani.cz\/wp-content\/uploads\/2021\/04\/a5-768x576.jpg 768w\" sizes=\"(max-width: 1024px) 100vw, 1024px\" \/><\/a><\/figure><\/li><li class=\"blocks-gallery-item\"><figure><a href=\"https:\/\/new.pujcovani.cz\/wp-content\/uploads\/2021\/04\/a1.jpg\"><img loading=\"lazy\" width=\"1024\" height=\"768\" src=\"https:\/\/new.pujcovani.cz\/wp-content\/uploads\/2021\/04\/a1.jpg\" alt=\"\" data-id=\"408\" data-full-url=\"https:\/\/new.pujcovani.cz\/wp-content\/uploads\/2021\/04\/a1.jpg\" data-link=\"https:\/\/new.pujcovani.cz\/index.php\/vozy-motoprodej\/a1\/\" class=\"wp-image-408\" srcset=\"https:\/\/new.pujcovani.cz\/wp-content\/uploads\/2021\/04\/a1.jpg 1024w, https:\/\/new.pujcovani.cz\/wp-content\/uploads\/2021\/04\/a1-300x225.jpg 300w, https:\/\/new.pujcovani.cz\/wp-content\/uploads\/2021\/04\/a1-768x576.jpg 768w\" sizes=\"(max-width: 1024px) 100vw, 1024px\" \/><\/a><\/figure><\/li><\/ul><\/figure>\n\n\n\n<div class=\"wp-block-columns\">\n<div class=\"wp-block-column\">\n<p><strong>Cena: <\/strong>3 399 000 K\u010d<br><strong>Pozn\u00e1mka k cen\u011b:<\/strong> mo\u017enost odpo\u010dtu DPH<br><strong>V provozu od:<\/strong> 7\/2020<br><strong>Tachometr:<\/strong> 14 200 km<br><strong>Palivo:<\/strong> nafta<br><strong>Objem:<\/strong> 3 956 ccm<br><strong>P\u0159evodovka:<\/strong> automatick\u00e1 (8 stup\u0148ov\u00e1 a v\u00edce)<br><strong>Klimatizace:<\/strong> \u010dty\u0159z\u00f3nov\u00e1 automatick\u00e1<br><strong>VIN:<\/strong> WAUZZZF87LN331657<\/p>\n<\/div>\n\n\n\n<div class=\"wp-block-column\">\n<p><strong>V\u00fdkon:<\/strong> 320 kW (435 kon\u00ed)<br><strong>Prvn\u00ed majitel:<\/strong> ano<br><strong>Servisn\u00ed kn\u00ed\u017eka:<\/strong> ano<br><strong>Zem\u011b p\u016fvodu:<\/strong> N\u011bmecko<br><strong>V provozu od:<\/strong> 7\/2020<br><strong>Karoserie:<\/strong> sedan\/limuz\u00edna<br><strong>Barva:<\/strong> \u010dern\u00e1, metal\u00edza<br><strong>Po\u010det dve\u0159\u00ed:<\/strong> 4<br><strong>Po\u010det m\u00edst:<\/strong> 4<\/p>\n<\/div>\n<\/div>\n\n\n\n<h3>Dopl\u0148uj\u00edc\u00ed informace<\/h3>\n\n\n\n<p>P\u0158EDV\u00c1D\u011aC\u00cd AUTO SKLADEM &#8211; \u010dern\u00e1 metal\u00edza, \u010dern\u00e1 pro\u0161\u00edvan\u00e1 k\u016f\u017ee, 21&#8243;kola, Sport paket exteri\u00e9r \/ exteri\u00e9r, t\u00f3novan\u00e1 skla, HD Matrix LED, adaptivn\u00ed tempomat, vzduchov\u00fd podvozek, nat\u00e1\u010den\u00ed zadn\u00edch kol, asistent no\u010dn\u00edho vid\u011bn\u00ed, Audi connect, parkovac\u00ed kamery 360\u00b0, elektrick\u00e9 st\u0159e\u0161n\u00ed okno, head-up displej, bezkl\u00ed\u010dkov\u00fd VSTUP \/ START, &#8222;S&#8220; sportovn\u00ed-mas\u00e1\u017en\u00ed-odv\u011btr\u00e1van\u00e1 a vyh\u0159\u00edvan\u00e1 elektrick\u00e1 sedadla s pam\u011bt\u00ed, navigace MMI, virtu\u00e1ln\u00ed kokpit \u0159idi\u010de, Bang &amp; Olufsen, 2x dotykov\u00e9 LCD tablety vzadu<\/p>\n\n\n\n<hr class=\"wp-block-separator has-text-color has-background has-black-background-color has-black-color is-style-wide\"\/>\n\n\n\n<h2>Audi A8 60 TDI V8 biturbo QUATTRO<\/h2>\n\n\n\n<figure class=\"wp-block-gallery columns-5 is-cropped\"><ul class=\"blocks-gallery-grid\"><li class=\"blocks-gallery-item\"><figure><a href=\"https:\/\/new.pujcovani.cz\/wp-content\/uploads\/2021\/04\/a4.jpg\"><img loading=\"lazy\" width=\"1024\" height=\"768\" src=\"https:\/\/new.pujcovani.cz\/wp-content\/uploads\/2021\/04\/a4.jpg\" alt=\"\" data-id=\"405\" data-full-url=\"https:\/\/new.pujcovani.cz\/wp-content\/uploads\/2021\/04\/a4.jpg\" data-link=\"https:\/\/new.pujcovani.cz\/index.php\/vozy-motoprodej\/a4\/\" class=\"wp-image-405\" srcset=\"https:\/\/new.pujcovani.cz\/wp-content\/uploads\/2021\/04\/a4.jpg 1024w, https:\/\/new.pujcovani.cz\/wp-content\/uploads\/2021\/04\/a4-300x225.jpg 300w, https:\/\/new.pujcovani.cz\/wp-content\/uploads\/2021\/04\/a4-768x576.jpg 768w\" sizes=\"(max-width: 1024px) 100vw, 1024px\" \/><\/a><\/figure><\/li><li class=\"blocks-gallery-item\"><figure><a href=\"https:\/\/new.pujcovani.cz\/wp-content\/uploads\/2021\/04\/a3.jpg\"><img loading=\"lazy\" width=\"1024\" height=\"768\" src=\"https:\/\/new.pujcovani.cz\/wp-content\/uploads\/2021\/04\/a3.jpg\" alt=\"\" data-id=\"406\" data-full-url=\"https:\/\/new.pujcovani.cz\/wp-content\/uploads\/2021\/04\/a3.jpg\" data-link=\"https:\/\/new.pujcovani.cz\/index.php\/vozy-motoprodej\/a3\/\" class=\"wp-image-406\" srcset=\"https:\/\/new.pujcovani.cz\/wp-content\/uploads\/2021\/04\/a3.jpg 1024w, https:\/\/new.pujcovani.cz\/wp-content\/uploads\/2021\/04\/a3-300x225.jpg 300w, https:\/\/new.pujcovani.cz\/wp-content\/uploads\/2021\/04\/a3-768x576.jpg 768w\" sizes=\"(max-width: 1024px) 100vw, 1024px\" \/><\/a><\/figure><\/li><li class=\"blocks-gallery-item\"><figure><a href=\"https:\/\/new.pujcovani.cz\/wp-content\/uploads\/2021\/04\/a2.jpg\"><img loading=\"lazy\" width=\"1024\" height=\"768\" src=\"https:\/\/new.pujcovani.cz\/wp-content\/uploads\/2021\/04\/a2.jpg\" alt=\"\" data-id=\"407\" data-full-url=\"https:\/\/new.pujcovani.cz\/wp-content\/uploads\/2021\/04\/a2.jpg\" data-link=\"https:\/\/new.pujcovani.cz\/index.php\/vozy-motoprodej\/a2\/\" class=\"wp-image-407\" srcset=\"https:\/\/new.pujcovani.cz\/wp-content\/uploads\/2021\/04\/a2.jpg 1024w, https:\/\/new.pujcovani.cz\/wp-content\/uploads\/2021\/04\/a2-300x225.jpg 300w, https:\/\/new.pujcovani.cz\/wp-content\/uploads\/2021\/04\/a2-768x576.jpg 768w\" sizes=\"(max-width: 1024px) 100vw, 1024px\" \/><\/a><\/figure><\/li><li class=\"blocks-gallery-item\"><figure><a href=\"https:\/\/new.pujcovani.cz\/wp-content\/uploads\/2021\/04\/a5.jpg\"><img loading=\"lazy\" width=\"1024\" height=\"768\" src=\"https:\/\/new.pujcovani.cz\/wp-content\/uploads\/2021\/04\/a5.jpg\" alt=\"\" data-id=\"404\" data-full-url=\"https:\/\/new.pujcovani.cz\/wp-content\/uploads\/2021\/04\/a5.jpg\" data-link=\"https:\/\/new.pujcovani.cz\/index.php\/vozy-motoprodej\/a5\/\" class=\"wp-image-404\" srcset=\"https:\/\/new.pujcovani.cz\/wp-content\/uploads\/2021\/04\/a5.jpg 1024w, https:\/\/new.pujcovani.cz\/wp-content\/uploads\/2021\/04\/a5-300x225.jpg 300w, https:\/\/new.pujcovani.cz\/wp-content\/uploads\/2021\/04\/a5-768x576.jpg 768w\" sizes=\"(max-width: 1024px) 100vw, 1024px\" \/><\/a><\/figure><\/li><li class=\"blocks-gallery-item\"><figure><a href=\"https:\/\/new.pujcovani.cz\/wp-content\/uploads\/2021\/04\/a1.jpg\"><img loading=\"lazy\" width=\"1024\" height=\"768\" src=\"https:\/\/new.pujcovani.cz\/wp-content\/uploads\/2021\/04\/a1.jpg\" alt=\"\" data-id=\"408\" data-full-url=\"https:\/\/new.pujcovani.cz\/wp-content\/uploads\/2021\/04\/a1.jpg\" data-link=\"https:\/\/new.pujcovani.cz\/index.php\/vozy-motoprodej\/a1\/\" class=\"wp-image-408\" srcset=\"https:\/\/new.pujcovani.cz\/wp-content\/uploads\/2021\/04\/a1.jpg 1024w, https:\/\/new.pujcovani.cz\/wp-content\/uploads\/2021\/04\/a1-300x225.jpg 300w, https:\/\/new.pujcovani.cz\/wp-content\/uploads\/2021\/04\/a1-768x576.jpg 768w\" sizes=\"(max-width: 1024px) 100vw, 1024px\" \/><\/a><\/figure><\/li><\/ul><\/figure>\n\n\n\n<div class=\"wp-block-columns\">\n<div class=\"wp-block-column\">\n<p><strong>Cena: <\/strong>3 399 000 K\u010d<br><strong>Pozn\u00e1mka k cen\u011b:<\/strong> mo\u017enost odpo\u010dtu DPH<br><strong>V provozu od:<\/strong> 7\/2020<br><strong>Tachometr:<\/strong> 14 200 km<br><strong>Palivo:<\/strong> nafta<br><strong>Objem:<\/strong> 3 956 ccm<br><strong>P\u0159evodovka:<\/strong> automatick\u00e1 (8 stup\u0148ov\u00e1 a v\u00edce)<br><strong>Klimatizace:<\/strong> \u010dty\u0159z\u00f3nov\u00e1 automatick\u00e1<br><strong>VIN:<\/strong> WAUZZZF87LN331657<\/p>\n<\/div>\n\n\n\n<div class=\"wp-block-column\">\n<p><strong>V\u00fdkon:<\/strong> 320 kW (435 kon\u00ed)<br><strong>Prvn\u00ed majitel:<\/strong> ano<br><strong>Servisn\u00ed kn\u00ed\u017eka:<\/strong> ano<br><strong>Zem\u011b p\u016fvodu:<\/strong> N\u011bmecko<br><strong>V provozu od:<\/strong> 7\/2020<br><strong>Karoserie:<\/strong> sedan\/limuz\u00edna<br><strong>Barva:<\/strong> \u010dern\u00e1, metal\u00edza<br><strong>Po\u010det dve\u0159\u00ed:<\/strong> 4<br><strong>Po\u010det m\u00edst:<\/strong> 4<\/p>\n<\/div>\n<\/div>\n\n\n\n<h3>Dopl\u0148uj\u00edc\u00ed informace<\/h3>\n\n\n\n<p>P\u0158EDV\u00c1D\u011aC\u00cd AUTO SKLADEM &#8211; \u010dern\u00e1 metal\u00edza, \u010dern\u00e1 pro\u0161\u00edvan\u00e1 k\u016f\u017ee, 21&#8243;kola, Sport paket exteri\u00e9r \/ exteri\u00e9r, t\u00f3novan\u00e1 skla, HD Matrix LED, adaptivn\u00ed tempomat, vzduchov\u00fd podvozek, nat\u00e1\u010den\u00ed zadn\u00edch kol, asistent no\u010dn\u00edho vid\u011bn\u00ed, Audi connect, parkovac\u00ed kamery 360\u00b0, elektrick\u00e9 st\u0159e\u0161n\u00ed okno, head-up displej, bezkl\u00ed\u010dkov\u00fd VSTUP \/ START, &#8222;S&#8220; sportovn\u00ed-mas\u00e1\u017en\u00ed-odv\u011btr\u00e1van\u00e1 a vyh\u0159\u00edvan\u00e1 elektrick\u00e1 sedadla s pam\u011bt\u00ed, navigace MMI, virtu\u00e1ln\u00ed kokpit \u0159idi\u010de, Bang &amp; Olufsen, 2x dotykov\u00e9 LCD tablety vzadu<\/p>\n","protected":false},"excerpt":{"rendered":"<p>Audi A8 60 TDI V8 biturbo QUATTRO Cena: 3 399 000 K\u010dPozn\u00e1mka k cen\u011b: mo\u017enost odpo\u010dtu DPHV provozu od: 7\/2020Tachometr: 14 200 kmPalivo: naftaObjem: 3 956 ccmP\u0159evodovka: automatick\u00e1 (8 stup\u0148ov\u00e1 a v\u00edce)Klimatizace: \u010dty\u0159z\u00f3nov\u00e1 automatick\u00e1VIN: WAUZZZF87LN331657 V\u00fdkon: 320 kW (435 kon\u00ed)Prvn\u00ed majitel: anoServisn\u00ed kn\u00ed\u017eka: anoZem\u011b p\u016fvodu: N\u011bmeckoV provozu od: 7\/2020Karoserie: sedan\/limuz\u00ednaBarva: \u010dern\u00e1, metal\u00edzaPo\u010det dve\u0159\u00ed: 4Po\u010det m\u00edst: [&hellip;]<\/p>\n","protected":false},"author":1,"featured_media":0,"parent":0,"menu_order":0,"comment_status":"closed","ping_status":"closed","template":"","meta":[],"_links":{"self":[{"href":"https:\/\/new.pujcovani.cz\/index.php\/wp-json\/wp\/v2\/pages\/52"}],"collection":[{"href":"https:\/\/new.pujcovani.cz\/index.php\/wp-json\/wp\/v2\/pages"}],"about":[{"href":"https:\/\/new.pujcovani.cz\/index.php\/wp-json\/wp\/v2\/types\/page"}],"author":[{"embeddable":true,"href":"https:\/\/new.pujcovani.cz\/index.php\/wp-json\/wp\/v2\/users\/1"}],"replies":[{"embeddable":true,"href":"https:\/\/new.pujcovani.cz\/index.php\/wp-json\/wp\/v2\/comments?post=52"}],"version-history":[{"count":13,"href":"https:\/\/new.pujcovani.cz\/index.php\/wp-json\/wp\/v2\/pages\/52\/revisions"}],"predecessor-version":[{"id":418,"href":"https:\/\/new.pujcovani.cz\/index.php\/wp-json\/wp\/v2\/pages\/52\/revisions\/418"}],"wp:attachment":[{"href":"https:\/\/new.pujcovani.cz\/index.php\/wp-json\/wp\/v2\/media?parent=52"}],"curies":[{"name":"wp","href":"https:\/\/api.w.org\/{rel}","templated":true}]}}